{"id":2634,"date":"2026-01-12T18:43:23","date_gmt":"2026-01-12T17:43:23","guid":{"rendered":"https:\/\/conciergeriebym.com\/?page_id=2634"},"modified":"2026-01-20T21:41:43","modified_gmt":"2026-01-20T20:41:43","slug":"mentions-legales-2","status":"publish","type":"page","link":"https:\/\/conciergeriebym.com\/en\/mentions-legales-2\/","title":{"rendered":"Legal information"},"content":{"rendered":"<style>.kb-row-layout-id2634_513ac3-9e > .kt-row-column-wrap{align-content:start;}:where(.kb-row-layout-id2634_513ac3-9e > .kt-row-column-wrap) > .wp-block-kadence-column{justify-content:start;}.kb-row-layout-id2634_513ac3-9e > .kt-row-column-wrap{column-gap:var(--global-kb-gap-md, 2rem);row-gap:var(--global-kb-gap-md, 2rem);max-width:var( --global-content-width, 1290px );padding-left:var(--global-content-edge-padding);padding-right:var(--global-content-edge-padding);padding-top:var(--global-kb-spacing-xl, 4rem);padding-bottom:var(--global-kb-spacing-xl, 4rem);grid-template-columns:minmax(0, 1fr);}.kb-row-layout-id2634_513ac3-9e > .kt-row-layout-overlay{opacity:0.30;}@media all and (max-width: 1024px){.kb-row-layout-id2634_513ac3-9e > .kt-row-column-wrap{grid-template-columns:minmax(0, 1fr);}}@media all and (max-width: 767px){.kb-row-layout-id2634_513ac3-9e > .kt-row-column-wrap{grid-template-columns:minmax(0, 1fr);}}<\/style><div class=\"kb-row-layout-wrap kb-row-layout-id2634_513ac3-9e alignfull has-theme-palette8-background-color kt-row-has-bg wp-block-kadence-rowlayout\"><div class=\"kt-row-column-wrap kt-has-1-columns kt-row-layout-equal kt-tab-layout-inherit kt-mobile-layout-row kt-row-valign-top kb-theme-content-width\">\n<style>.kadence-column2634_a33420-bb > .kt-inside-inner-col{padding-top:var(--global-kb-spacing-md, 2rem);padding-right:var(--global-kb-spacing-md, 2rem);padding-bottom:var(--global-kb-spacing-md, 2rem);}.kadence-column2634_a33420-bb > .kt-inside-inner-col,.kadence-column2634_a33420-bb > .kt-inside-inner-col:before{border-top-left-radius:0px;border-top-right-radius:0px;border-bottom-right-radius:0px;border-bottom-left-radius:0px;}.kadence-column2634_a33420-bb > .kt-inside-inner-col{column-gap:var(--global-kb-gap-sm, 1rem);}.kadence-column2634_a33420-bb > .kt-inside-inner-col{flex-direction:column;}.kadence-column2634_a33420-bb > .kt-inside-inner-col > .aligncenter{width:100%;}.kadence-column2634_a33420-bb > .kt-inside-inner-col{background-color:var(--global-palette10, #3182CE);}.kadence-column2634_a33420-bb > .kt-inside-inner-col:before{opacity:0.3;}.kadence-column2634_a33420-bb{position:relative;}@media all and (max-width: 1024px){.kadence-column2634_a33420-bb > .kt-inside-inner-col{flex-direction:column;justify-content:center;}}@media all and (max-width: 767px){.kadence-column2634_a33420-bb > .kt-inside-inner-col{flex-direction:column;justify-content:center;}}<\/style>\n<div class=\"wp-block-kadence-column kadence-column2634_a33420-bb\"><div class=\"kt-inside-inner-col\"><style>.wp-block-kadence-advancedheading.kt-adv-heading2634_7e626a-fc, .wp-block-kadence-advancedheading.kt-adv-heading2634_7e626a-fc[data-kb-block=\"kb-adv-heading2634_7e626a-fc\"]{text-align:right;font-size:var(--global-kb-font-size-xxl, 4rem);font-style:normal;}.wp-block-kadence-advancedheading.kt-adv-heading2634_7e626a-fc mark.kt-highlight, .wp-block-kadence-advancedheading.kt-adv-heading2634_7e626a-fc[data-kb-block=\"kb-adv-heading2634_7e626a-fc\"] mark.kt-highlight{font-style:normal;color:#f76a0c;-webkit-box-decoration-break:clone;box-decoration-break:clone;padding-top:0px;padding-right:0px;padding-bottom:0px;padding-left:0px;}.wp-block-kadence-advancedheading.kt-adv-heading2634_7e626a-fc img.kb-inline-image, .wp-block-kadence-advancedheading.kt-adv-heading2634_7e626a-fc[data-kb-block=\"kb-adv-heading2634_7e626a-fc\"] img.kb-inline-image{width:150px;vertical-align:baseline;}<\/style>\n<h2 class=\"kt-adv-heading2634_7e626a-fc wp-block-kadence-advancedheading has-theme-palette-1-color has-text-color\" data-kb-block=\"kb-adv-heading2634_7e626a-fc\">Legal information<\/h2>\n<\/div><\/div>\n\n<\/div><\/div>\n\n<style>.wp-block-kadence-advancedheading.kt-adv-heading2634_b7d98c-c6, .wp-block-kadence-advancedheading.kt-adv-heading2634_b7d98c-c6[data-kb-block=\"kb-adv-heading2634_b7d98c-c6\"]{margin-bottom:var(--global-kb-spacing-xxl, 5rem);font-style:normal;}.wp-block-kadence-advancedheading.kt-adv-heading2634_b7d98c-c6 mark.kt-highlight, .wp-block-kadence-advancedheading.kt-adv-heading2634_b7d98c-c6[data-kb-block=\"kb-adv-heading2634_b7d98c-c6\"] mark.kt-highlight{font-style:normal;color:#f76a0c;-webkit-box-decoration-break:clone;box-decoration-break:clone;padding-top:0px;padding-right:0px;padding-bottom:0px;padding-left:0px;}.wp-block-kadence-advancedheading.kt-adv-heading2634_b7d98c-c6 img.kb-inline-image, .wp-block-kadence-advancedheading.kt-adv-heading2634_b7d98c-c6[data-kb-block=\"kb-adv-heading2634_b7d98c-c6\"] img.kb-inline-image{width:150px;vertical-align:baseline;}.wp-block-kadence-advancedheading.kt-adv-heading2634_b7d98c-c6[data-kb-block=\"kb-adv-heading2634_b7d98c-c6\"] a, .kt-adv-heading-link2634_b7d98c-c6, .kt-adv-heading-link2634_b7d98c-c6 .kt-adv-heading2634_b7d98c-c6[data-kb-block=\"kb-adv-heading2634_b7d98c-c6\"]{color:var(--global-palette1, #3182CE);}.wp-block-kadence-advancedheading.kt-adv-heading2634_b7d98c-c6[data-kb-block=\"kb-adv-heading2634_b7d98c-c6\"] a:hover, .kt-adv-heading-link2634_b7d98c-c6:hover, .kt-adv-heading-link2634_b7d98c-c6:hover .kt-adv-heading2634_b7d98c-c6[data-kb-block=\"kb-adv-heading2634_b7d98c-c6\"]{color:var(--global-palette6, #718096);}<\/style>\n<p class=\"kt-adv-heading2634_b7d98c-c6 wp-block-kadence-advancedheading has-theme-palette-3-color has-text-color\" data-kb-block=\"kb-adv-heading2634_b7d98c-c6\"><strong>\u00c9diteur du site<\/strong><br>Le pr\u00e9sent site est \u00e9dit\u00e9 et publi\u00e9 par :<br>Raison sociale\u00a0: CONCIERGERIE BY M<br>N\u00b0 SIREN\u00a0: 994779544<br>N\u00b0 SIRET\u00a0: 99477954400018 (si\u00e8ge de l&rsquo;entreprise)<br>Code NAF \/ APE\u00a0: 9609Z (autres services personnels n.c.a.)<br>Forme juridique\u00a0: SAS, soci\u00e9t\u00e9 par actions simplifi\u00e9e<br>Date d&rsquo;immatriculation\u00a0: 04\/12\/2025<br>Commune d&rsquo;implantation\u00a0: Veynes, Hautes-Alpes, France<br><br><strong>H\u00e9bergement<\/strong><br>Le site est h\u00e9berg\u00e9 par Hostinger International Ltd localis\u00e9e au 61 Lordou Vironos Street, 6023 Larnaca, Chypre.<br>T\u00e9l\u00e9phone : +370 645 03378<br>Site web : <a>www.hostinger.com<\/a><br><br><strong>Activit\u00e9<\/strong><br>Conciergerie by M exerce une activit\u00e9 de conciergerie et de prestations de services li\u00e9es \u00e0 la gestion de biens immobiliers, incluant des logements appartenant \u00e0 des tiers ainsi que des logements exploit\u00e9s directement par l\u2019\u00e9diteur du site.<br>Conciergerie by M agit en qualit\u00e9 de prestataire de services et d\u2019interm\u00e9diaire, et n\u2019exerce pas une activit\u00e9 d\u2019agent immobilier.<br><br><strong>Propri\u00e9t\u00e9 intellectuelle<\/strong><br>L\u2019ensemble des contenus pr\u00e9sents sur le site est prot\u00e9g\u00e9 par le droit de la propri\u00e9t\u00e9 intellectuelle et est la propri\u00e9t\u00e9 exclusive de Conciergerie by M, sauf mention contraire. <br>Toute reproduction, repr\u00e9sentation, modification, publication, adaptation, totale ou partielle, de tout ou partie du site, quel que soit le moyen ou le proc\u00e9d\u00e9 utilis\u00e9, est interdite sans l\u2019autorisation \u00e9crite pr\u00e9alable de l\u2019\u00e9diteur.<br><br><strong>Responsabilit\u00e9<\/strong><br>Les informations diffus\u00e9es sur le site Conciergerie by M sont fournies \u00e0 titre indicatif.<br>L\u2019\u00e9diteur s\u2019efforce de fournir des informations aussi pr\u00e9cises que possible, mais ne saurait garantir l\u2019exactitude, la compl\u00e9tude ou l\u2019actualit\u00e9 des informations mises en ligne.<br>L\u2019\u00e9diteur ne pourra \u00eatre tenu responsable des dommages directs ou indirects r\u00e9sultant de l\u2019acc\u00e8s ou de l\u2019utilisation du site, y compris l\u2019inaccessibilit\u00e9, les pertes de donn\u00e9es ou la pr\u00e9sence de virus.<br>Des liens hypertextes peuvent \u00eatre pr\u00e9sents sur le site. Conciergerie by M n\u2019exerce aucun contr\u00f4le sur les sites tiers et d\u00e9cline toute responsabilit\u00e9 quant \u00e0 leur contenu.<br><br><strong>Donn\u00e9es personnelles<\/strong><br>Des donn\u00e9es personnelles peuvent \u00eatre collect\u00e9es via le site (formulaire de contact, demande d\u2019information, r\u00e9servation, etc.).<br>Ces donn\u00e9es sont utilis\u00e9es uniquement dans le cadre de la relation entre l\u2019utilisateur et Conciergerie by M, et ne sont en aucun cas c\u00e9d\u00e9es \u00e0 des tiers sans consentement.<br>Conform\u00e9ment au R\u00e8glement G\u00e9n\u00e9ral sur la Protection des Donn\u00e9es (RGPD), l\u2019utilisateur dispose d\u2019un droit d\u2019acc\u00e8s, de rectification, de suppression et d\u2019opposition concernant les donn\u00e9es personnelles le concernant.<br>Ces droits peuvent \u00eatre exerc\u00e9s en contactant : contact@conciergeriebym.com<br>L\u2019autorit\u00e9 de contr\u00f4le comp\u00e9tente est la CNIL.<br><br><strong>Cookies<\/strong><br>Le site peut \u00eatre amen\u00e9 \u00e0 utiliser des cookies afin d\u2019am\u00e9liorer l\u2019exp\u00e9rience utilisateur, mesurer l\u2019audience ou proposer des fonctionnalit\u00e9s adapt\u00e9es.<br>L\u2019utilisateur peut refuser ou param\u00e9trer l\u2019utilisation des cookies via le bandeau pr\u00e9vu \u00e0 cet effet ou via les param\u00e8tres de son navigateur.<br>Pour plus d\u2019informations, l\u2019utilisateur est invit\u00e9 \u00e0 consulter la politique de confidentialit\u00e9 du site.<\/p>","protected":false},"excerpt":{"rendered":"<p>Mentions L\u00e9gales \u00c9diteur du siteLe pr\u00e9sent site est \u00e9dit\u00e9 et publi\u00e9 par :Raison sociale\u00a0: CONCIERGERIE BY MN\u00b0 SIREN\u00a0: 994779544N\u00b0 SIRET\u00a0: 99477954400018 (si\u00e8ge de l&rsquo;entreprise)Code NAF \/ APE\u00a0: 9609Z (autres services personnels n.c.a.)Forme juridique\u00a0: SAS, soci\u00e9t\u00e9 par actions simplifi\u00e9eDate d&rsquo;immatriculation\u00a0: 04\/12\/2025Commune d&rsquo;implantation\u00a0: Veynes, Hautes-Alpes, France H\u00e9bergementLe site est h\u00e9berg\u00e9 par Hostinger International Ltd localis\u00e9e au 61&#8230;<\/p>","protected":false},"author":1,"featured_media":0,"parent":0,"menu_order":0,"comment_status":"closed","ping_status":"closed","template":"","meta":{"_kad_post_transparent":"","_kad_post_title":"","_kad_post_layout":"","_kad_post_sidebar_id":"","_kad_post_content_style":"","_kad_post_vertical_padding":"","_kad_post_feature":"","_kad_post_feature_position":"","_kad_post_header":false,"_kad_post_footer":false,"_kad_post_classname":"","footnotes":""},"class_list":["post-2634","page","type-page","status-publish","hentry"],"_hostinger_reach_plugin_has_subscription_block":false,"_hostinger_reach_plugin_is_elementor":false,"_links":{"self":[{"href":"https:\/\/conciergeriebym.com\/en\/wp-json\/wp\/v2\/pages\/2634","targetHints":{"allow":["GET"]}}],"collection":[{"href":"https:\/\/conciergeriebym.com\/en\/wp-json\/wp\/v2\/pages"}],"about":[{"href":"https:\/\/conciergeriebym.com\/en\/wp-json\/wp\/v2\/types\/page"}],"author":[{"embeddable":true,"href":"https:\/\/conciergeriebym.com\/en\/wp-json\/wp\/v2\/users\/1"}],"replies":[{"embeddable":true,"href":"https:\/\/conciergeriebym.com\/en\/wp-json\/wp\/v2\/comments?post=2634"}],"version-history":[{"count":7,"href":"https:\/\/conciergeriebym.com\/en\/wp-json\/wp\/v2\/pages\/2634\/revisions"}],"predecessor-version":[{"id":2920,"href":"https:\/\/conciergeriebym.com\/en\/wp-json\/wp\/v2\/pages\/2634\/revisions\/2920"}],"wp:attachment":[{"href":"https:\/\/conciergeriebym.com\/en\/wp-json\/wp\/v2\/media?parent=2634"}],"curies":[{"name":"wp","href":"https:\/\/api.w.org\/{rel}","templated":true}]}}