{"id":2410,"date":"2025-12-16T14:22:20","date_gmt":"2025-12-16T13:22:20","guid":{"rendered":"https:\/\/conciergeriebym.com\/annulation-de-reservation\/"},"modified":"2026-01-22T17:52:45","modified_gmt":"2026-01-22T16:52:45","slug":"annulation-de-reservation","status":"publish","type":"page","link":"https:\/\/conciergeriebym.com\/en\/annulation-de-reservation\/","title":{"rendered":"Annulation de r\u00e9servation"},"content":{"rendered":"<style>.kadence-column2410_d1d8f6-ac > .kt-inside-inner-col,.kadence-column2410_d1d8f6-ac > .kt-inside-inner-col:before{border-top-left-radius:0px;border-top-right-radius:0px;border-bottom-right-radius:0px;border-bottom-left-radius:0px;}.kadence-column2410_d1d8f6-ac > .kt-inside-inner-col{column-gap:var(--global-kb-gap-sm, 1rem);}.kadence-column2410_d1d8f6-ac > .kt-inside-inner-col{flex-direction:column;}.kadence-column2410_d1d8f6-ac > .kt-inside-inner-col > .aligncenter{width:100%;}.kadence-column2410_d1d8f6-ac > .kt-inside-inner-col:before{opacity:0.3;}.kadence-column2410_d1d8f6-ac{position:relative;}.kadence-column2410_d1d8f6-ac, .kt-inside-inner-col > .kadence-column2410_d1d8f6-ac:not(.specificity){margin-bottom:var(--global-kb-spacing-md, 2rem);}@media all and (max-width: 1024px){.kadence-column2410_d1d8f6-ac > .kt-inside-inner-col{flex-direction:column;justify-content:center;}}@media all and (max-width: 767px){.kadence-column2410_d1d8f6-ac > .kt-inside-inner-col{flex-direction:column;justify-content:center;}}<\/style>\n<div class=\"wp-block-kadence-column kadence-column2410_d1d8f6-ac inner-column-1\"><div class=\"kt-inside-inner-col\"><style>.wp-block-kadence-advancedheading.kt-adv-heading2410_39ac9b-93, .wp-block-kadence-advancedheading.kt-adv-heading2410_39ac9b-93[data-kb-block=\"kb-adv-heading2410_39ac9b-93\"]{text-align:center;font-size:var(--global-kb-font-size-xl, 3rem);font-style:normal;}.wp-block-kadence-advancedheading.kt-adv-heading2410_39ac9b-93 mark.kt-highlight, .wp-block-kadence-advancedheading.kt-adv-heading2410_39ac9b-93[data-kb-block=\"kb-adv-heading2410_39ac9b-93\"] mark.kt-highlight{font-style:normal;color:#f76a0c;-webkit-box-decoration-break:clone;box-decoration-break:clone;padding-top:0px;padding-right:0px;padding-bottom:0px;padding-left:0px;}.wp-block-kadence-advancedheading.kt-adv-heading2410_39ac9b-93 img.kb-inline-image, .wp-block-kadence-advancedheading.kt-adv-heading2410_39ac9b-93[data-kb-block=\"kb-adv-heading2410_39ac9b-93\"] img.kb-inline-image{width:150px;vertical-align:baseline;}<\/style>\n<h2 class=\"kt-adv-heading2410_39ac9b-93 wp-block-kadence-advancedheading has-theme-palette-3-color has-text-color\" data-kb-block=\"kb-adv-heading2410_39ac9b-93\">Demande d&rsquo;Annulation de R\u00e9servation<br><\/h2>\n\n\n<style>.wp-block-kadence-advancedheading.kt-adv-heading2410_577e36-f4, .wp-block-kadence-advancedheading.kt-adv-heading2410_577e36-f4[data-kb-block=\"kb-adv-heading2410_577e36-f4\"]{text-align:center;font-style:normal;}.wp-block-kadence-advancedheading.kt-adv-heading2410_577e36-f4 mark.kt-highlight, .wp-block-kadence-advancedheading.kt-adv-heading2410_577e36-f4[data-kb-block=\"kb-adv-heading2410_577e36-f4\"] mark.kt-highlight{font-style:normal;color:#f76a0c;-webkit-box-decoration-break:clone;box-decoration-break:clone;padding-top:0px;padding-right:0px;padding-bottom:0px;padding-left:0px;}.wp-block-kadence-advancedheading.kt-adv-heading2410_577e36-f4 img.kb-inline-image, .wp-block-kadence-advancedheading.kt-adv-heading2410_577e36-f4[data-kb-block=\"kb-adv-heading2410_577e36-f4\"] img.kb-inline-image{width:150px;vertical-align:baseline;}<\/style>\n<p class=\"kt-adv-heading2410_577e36-f4 wp-block-kadence-advancedheading has-theme-palette-3-color has-text-color\" data-kb-block=\"kb-adv-heading2410_577e36-f4\">Vous souhaitez annuler votre r\u00e9servation dans un de nos logements ?<br>Munissez-vous des informations exactes re\u00e7ues dans le mail de confirmation de votre r\u00e9servation.<br>Soumettez ensuite votre demande \u00e0 l&rsquo;aide du formulaire ci-dessous.<br>Nous reviendrons vers vous dans les plus brefs d\u00e9lais.<br><\/p>\n\n\n<style>.wp-block-kadence-form.kadence-form-2410_9ab777-5d.kb-form-wrap{margin-top:0px;margin-bottom:0px;}.kadence-form-2410_9ab777-5d .kb-form .kadence-blocks-form-field .kb-text-style-field, .kadence-form-2410_9ab777-5d .kb-form .kadence-blocks-form-field .kb-select-style-field{border-radius:0px;border-width:0px 0px 2px 0px;background:rgba(255, 250, 245, 0.5);border-color:var(--global-palette1, #3182CE);}.kadence-form-2410_9ab777-5d .kb-form .kadence-blocks-form-field > label{color:var(--global-palette3, #1A202C);font-size:var(--global-kb-font-size-sm, 0.9rem);}.kadence-form-2410_9ab777-5d .kb-form .kadence-blocks-form-field .kb-forms-submit{width:120px;border-radius:0px;background:var(--global-palette1, #3182CE);}.kadence-form-2410_9ab777-5d .kb-form .kadence-blocks-form-field .kb-forms-submit:hover, .kadence-form-2410_9ab777-5d .kb-form .kadence-blocks-form-field .kb-forms-submit:focus {color:var(--global-palette8, #F7FAFC);background:var(--global-palette6, #718096);}.kadence-form-2410_9ab777-5d .kb-form .kadence-blocks-form-field .kb-forms-submit{font-size:var(--global-kb-font-size-sm, 0.9rem);letter-spacing:1px;text-transform:uppercase;font-weight:600;}.kb-form input.kadence-blocks-field.verify{opacity:0.0;position:absolute;top:0.0;left:0.0;width:0.0;height:0.0;z-index:-1;}<\/style>\n<div class=\"wp-block-kadence-form kadence-form-2410_9ab777-5d kb-form-wrap kb-form-align-center\"><form class=\"kb-form\" action=\"\" method=\"post\" data-trp-original-action=\"\"><div class=\"kadence-blocks-form-field kb-field-desk-width-50 kb-field-mobile-width-100 kb-input-size-standard\"><label for=\"kb_field_2410_9ab777-5d_0\">Name<span class=\"required\">*<\/span><\/label><input name=\"kb_field_0\" id=\"kb_field_2410_9ab777-5d_0\" data-label=\"Nom\" type=\"text\" placeholder=\"Your name\" value=\"\" data-type=\"text\" class=\"kb-field kb-text-style-field kb-text-field kb-field-0\" autocomplete=\"name\" data-required=\"yes\"\/><\/div><div class=\"kadence-blocks-form-field kb-form-field-1 kb-field-desk-width-50 kb-field-mobile-width-100 kb-input-size-standard\"><label for=\"kb_field_2410_9ab777-5d_1\">First name<span class=\"required\">*<\/span><\/label><input name=\"kb_field_1\" id=\"kb_field_2410_9ab777-5d_1\" data-label=\"Pr\u00e9nom\" type=\"text\" placeholder=\"Your first name\" value=\"\" data-type=\"text\" class=\"kb-field kb-text-style-field kb-text-field kb-field-1\" autocomplete=\"given-name\" data-required=\"yes\"\/><\/div><div class=\"kadence-blocks-form-field kb-form-field-2 kb-field-desk-width-50 kb-field-mobile-width-100 kb-input-size-standard\"><label for=\"kb_field_2410_9ab777-5d_2\">E-mail<span class=\"required\">*<\/span><\/label><input name=\"kb_field_2\" id=\"kb_field_2410_9ab777-5d_2\" data-label=\"E-mail\" type=\"email\" placeholder=\"exemple@exemple.com\" value=\"\" data-type=\"email\" class=\"kb-field kb-text-style-field kb-email-field kb-field-2\" autocomplete=\"email\" data-required=\"yes\" data-validation-message=\"E-mail non valide\"\/><\/div><div class=\"kadence-blocks-form-field kb-form-field-3 kb-field-desk-width-50 kb-field-mobile-width-100 kb-input-size-standard\"><label for=\"kb_field_2410_9ab777-5d_3\">Telephone<span class=\"required\">*<\/span><\/label><input name=\"kb_field_3\" id=\"kb_field_2410_9ab777-5d_3\" data-label=\"T\u00e9l\u00e9phone\" type=\"tel\" placeholder=\"Mobile or fixed-line\" value=\"\" data-type=\"tel\" class=\"kb-field kb-text-style-field kb-tel-field kb-field-3\" autocomplete=\"tel\" data-required=\"yes\" data-validation-message=\"T\u00e9l\u00e9phone non valide\"\/><\/div><div class=\"kadence-blocks-form-field kb-form-field-4 kb-field-desk-width-50 kb-field-mobile-width-50 kb-input-size-standard\"><label for=\"kb_field_2410_9ab777-5d_4\">ID de r\u00e9servation (# suivi des 4 chiffres)<span class=\"required\">*<\/span><\/label><input name=\"kb_field_4\" id=\"kb_field_2410_9ab777-5d_4\" data-label=\"ID de r\u00e9servation (# suivi des 4 chiffres)\" type=\"text\" placeholder=\"#0000\" value=\"\" data-type=\"text\" class=\"kb-field kb-text-style-field kb-text-field kb-field-4\" data-required=\"yes\"\/><\/div><div class=\"kadence-blocks-form-field kb-form-field-5 kb-field-desk-width-50 kb-field-mobile-width-50 kb-input-size-standard\"><label for=\"kb_field_2410_9ab777-5d_5\">Logement r\u00e9serv\u00e9<span class=\"required\">*<\/span><\/label><select name=\"kb_field_5\" id=\"kb_field_2410_9ab777-5d_5\" data-label=\"Logement r\u00e9serv\u00e9\" type=\"select\" value=\"\" data-type=\"select\" class=\"kb-field kb-select-style-field kb-select-field kb-field-5\" data-required=\"yes\"><option value=\"\" disabled selected>-<\/option><option value=\"L\u2019Echapp\u00e9e M\u00e9di\u00e9vale \u00e0 Veynes, France\">L\u2019Echapp\u00e9e M\u00e9di\u00e9vale \u00e0 Veynes, France<\/option><option value=\"La Tour Paysanne \u00e0 Veynes, France\">La Tour Paysanne \u00e0 Veynes, France<\/option><option value=\"Les Lavandes du Bersac avec Piscine, France\">Les Lavandes du Bersac avec Piscine, France<\/option><\/select><\/div><div class=\"kadence-blocks-form-field kb-form-field-6 kb-field-desk-width-50 kb-field-mobile-width-50 kb-input-size-standard\"><label for=\"kb_field_2410_9ab777-5d_6\">Date d&rsquo;arriv\u00e9e pr\u00e9vue<span class=\"required\">*<\/span><\/label><input name=\"kb_field_6\" id=\"kb_field_2410_9ab777-5d_6\" data-label=\"Date d'arriv\u00e9e pr\u00e9vue\" type=\"text\" placeholder=\"JJ\/MM\/AAAA\" value=\"\" data-type=\"text\" class=\"kb-field kb-text-style-field kb-text-field kb-field-6\" data-required=\"yes\"\/><\/div><div class=\"kadence-blocks-form-field kb-form-field-7 kb-field-desk-width-50 kb-field-mobile-width-50 kb-input-size-standard\"><label for=\"kb_field_2410_9ab777-5d_7\">Date de d\u00e9part pr\u00e9vue<span class=\"required\">*<\/span><\/label><input name=\"kb_field_7\" id=\"kb_field_2410_9ab777-5d_7\" data-label=\"Date de d\u00e9part pr\u00e9vue\" type=\"text\" placeholder=\"JJ\/MM\/AAAA\" value=\"\" data-type=\"text\" class=\"kb-field kb-text-style-field kb-text-field kb-field-7\" data-required=\"yes\"\/><\/div><div class=\"kadence-blocks-form-field kb-form-field-8 kb-field-desk-width-100 kb-field-mobile-width-100 kb-input-size-standard\"><label for=\"kb_field_2410_9ab777-5d_8\">Message<span class=\"required\">*<\/span><\/label><textarea name=\"kb_field_8\" id=\"kb_field_2410_9ab777-5d_8\" data-label=\"Message\" type=\"textarea\" placeholder=\"Expliquer les raisons de votre demande d'annulation\" data-type=\"textarea\" class=\"kb-field kb-text-style-field kb-textarea-field kb-field-8\" rows=\"7\" data-required=\"yes\"><\/textarea><\/div><input type=\"hidden\" name=\"_kb_form_id\" value=\"2410_9ab777-5d\"\/><input type=\"hidden\" name=\"_kb_form_post_id\" value=\"2410\"\/><input type=\"hidden\" name=\"action\" value=\"kb_process_ajax_submit\"\/><label class=\"kadence-verify-label\">Email<input class=\"kadence-blocks-field verify\" type=\"text\" name=\"_kb_verify_email\" autocomplete=\"new-password\" aria-hidden=\"true\" placeholder=\"Email\" tabindex=\"-1\" data-1p-ignore=\"true\" data-lpignore=\"true\" \/><\/label><div class=\"kadence-blocks-form-field kb-submit-field kb-field-desk-width-100\"><button class=\"kb-forms-submit button kb-button-size-standard kb-button-width-fixed\">SEND<\/button><\/div><input type=\"hidden\" name=\"trp-form-language\" value=\"en\"\/><\/form><\/div>\n<noscript><div class=\"kadence-blocks-form-message kadence-blocks-form-warning\">Please enable JavaScript in your browser to submit the form<\/div><style>.kadence-form-2410_9ab777-5d .kadence-blocks-form-field.kb-submit-field { display: none; }<\/style><\/noscript><\/div><\/div>","protected":false},"excerpt":{"rendered":"<p>Demande d&rsquo;Annulation de R\u00e9servation Vous souhaitez annuler votre r\u00e9servation dans un de nos logements ?Munissez-vous des informations exactes re\u00e7ues dans le mail de confirmation de votre r\u00e9servation.Soumettez ensuite votre demande \u00e0 l&rsquo;aide du formulaire ci-dessous.Nous reviendrons vers vous dans les plus brefs d\u00e9lais.<\/p>","protected":false},"author":1,"featured_media":0,"parent":0,"menu_order":0,"comment_status":"closed","ping_status":"closed","template":"","meta":{"_kad_post_transparent":"","_kad_post_title":"","_kad_post_layout":"","_kad_post_sidebar_id":"","_kad_post_content_style":"","_kad_post_vertical_padding":"","_kad_post_feature":"","_kad_post_feature_position":"","_kad_post_header":false,"_kad_post_footer":false,"_kad_post_classname":"","footnotes":""},"class_list":["post-2410","page","type-page","status-publish","hentry"],"_hostinger_reach_plugin_has_subscription_block":false,"_hostinger_reach_plugin_is_elementor":false,"_links":{"self":[{"href":"https:\/\/conciergeriebym.com\/en\/wp-json\/wp\/v2\/pages\/2410","targetHints":{"allow":["GET"]}}],"collection":[{"href":"https:\/\/conciergeriebym.com\/en\/wp-json\/wp\/v2\/pages"}],"about":[{"href":"https:\/\/conciergeriebym.com\/en\/wp-json\/wp\/v2\/types\/page"}],"author":[{"embeddable":true,"href":"https:\/\/conciergeriebym.com\/en\/wp-json\/wp\/v2\/users\/1"}],"replies":[{"embeddable":true,"href":"https:\/\/conciergeriebym.com\/en\/wp-json\/wp\/v2\/comments?post=2410"}],"version-history":[{"count":4,"href":"https:\/\/conciergeriebym.com\/en\/wp-json\/wp\/v2\/pages\/2410\/revisions"}],"predecessor-version":[{"id":2982,"href":"https:\/\/conciergeriebym.com\/en\/wp-json\/wp\/v2\/pages\/2410\/revisions\/2982"}],"wp:attachment":[{"href":"https:\/\/conciergeriebym.com\/en\/wp-json\/wp\/v2\/media?parent=2410"}],"curies":[{"name":"wp","href":"https:\/\/api.w.org\/{rel}","templated":true}]}}